{"id":192,"date":"2016-10-05T11:28:04","date_gmt":"2016-10-05T11:28:04","guid":{"rendered":"https:\/\/caramelos.informedia.com.es\/?page_id=192"},"modified":"2024-12-24T11:01:17","modified_gmt":"2024-12-24T11:01:17","slug":"productos","status":"publish","type":"page","link":"https:\/\/muycaramelo.com\/en\/productos\/","title":{"rendered":"Productos"},"content":{"rendered":"<div class=\"wpb-content-wrapper\"><div class=\"vc_row wpb_row vc_row-fluid\"><div class=\"wpb_column vc_column_container vc_col-sm-12\"><div class=\"vc_column-inner vc_custom_1476817142684\"><div class=\"wpb_wrapper\"><div class=\"columns_wrap sc_columns columns_nofluid sc_columns_count_12 margin_top_huge margin_bottom_medium\"><div class=\"column-7_12 sc_column_item sc_column_item_1 odd first span_7\"><div class=\"sc_section margin_top_null section_style_original_margin aligncenter\" style=\"max-width: 570px;\"><div class=\"sc_section_inner\"><h2 class=\"sc_section_subtitle sc_item_subtitle\">Caramelos<\/h2><h3 class=\"sc_section_title sc_item_title sc_item_title_without_descr\">Nuestros productos<\/h3><div class=\"sc_section_descr sc_item_descr\">Desde dise\u00f1os \u00fanicos hasta sabores irresistibles, nuestros caramelos est\u00e1n hechos para celebrar tus momentos m\u00e1s especiales. Perfectos para eventos, regalos o simplemente para sorprender, cada creaci\u00f3n lleva un toque de dulzura y creatividad.<\/div><div class=\"sc_section_content_wrap\"><\/div><\/div><\/div><\/div><div class=\"column-5_12 sc_column_item sc_column_item_8 even span_5\"><figure class=\"sc_image  sc_image_shape_square margin_left_medium\"><img decoding=\"async\" src=\"https:\/\/muycaramelo.com\/wp-content\/uploads\/2024\/12\/PIES-GRANDES-2.png\" alt=\"\" \/><\/figure><\/div><\/div><\/div><\/div><\/div><\/div><div data-vc-full-width=\"true\" data-vc-full-width-init=\"false\" class=\"vc_row wpb_row vc_row-fluid vc_custom_1735034754362 vc_row-has-fill\"><div class=\"wpb_column vc_column_container vc_col-sm-12\"><div class=\"vc_column-inner\"><div class=\"wpb_wrapper\">\n\t<div class=\"wpb_text_column wpb_content_element\" >\n\t\t<div class=\"wpb_wrapper\">\n\t\t\t<h2 style=\"text-align: center;\">Productos personalizados<\/h2>\n\n\t\t<\/div>\n\t<\/div>\n<\/div><\/div><\/div><\/div><div class=\"vc_row-full-width vc_clearfix\"><\/div><div id=\"productosconocenos\" data-vc-full-width=\"true\" data-vc-full-width-init=\"false\" class=\"vc_row wpb_row vc_row-fluid vc_custom_1735035206927 vc_row-has-fill\"><div class=\"wpb_column vc_column_container vc_col-sm-4\"><div class=\"vc_column-inner\"><div class=\"wpb_wrapper\">\n\t<div  class=\"wpb_single_image wpb_content_element vc_align_center wpb_content_element\">\n\t\t\n\t\t<figure class=\"wpb_wrapper vc_figure\">\n\t\t\t<a href=\"#\" target=\"_self\" class=\"vc_single_image-wrapper   vc_box_border_grey\"><img loading=\"lazy\" decoding=\"async\" width=\"1026\" height=\"1026\" src=\"https:\/\/muycaramelo.com\/wp-content\/uploads\/2024\/12\/CARAMELOS.png\" class=\"vc_single_image-img attachment-full\" alt=\"Caramelos\" title=\"CARAMELOS\" srcset=\"https:\/\/muycaramelo.com\/wp-content\/uploads\/2024\/12\/CARAMELOS.png 1026w, https:\/\/muycaramelo.com\/wp-content\/uploads\/2024\/12\/CARAMELOS-300x300.png 300w, https:\/\/muycaramelo.com\/wp-content\/uploads\/2024\/12\/CARAMELOS-1024x1024.png 1024w, https:\/\/muycaramelo.com\/wp-content\/uploads\/2024\/12\/CARAMELOS-150x150.png 150w, https:\/\/muycaramelo.com\/wp-content\/uploads\/2024\/12\/CARAMELOS-768x768.png 768w, https:\/\/muycaramelo.com\/wp-content\/uploads\/2024\/12\/CARAMELOS-600x600.png 600w, https:\/\/muycaramelo.com\/wp-content\/uploads\/2024\/12\/CARAMELOS-1000x1000.png 1000w, https:\/\/muycaramelo.com\/wp-content\/uploads\/2024\/12\/CARAMELOS-100x100.png 100w\" sizes=\"auto, (max-width: 1026px) 100vw, 1026px\" \/><\/a>\n\t\t<\/figure>\n\t<\/div>\n\n\t<div class=\"wpb_text_column wpb_content_element\" >\n\t\t<div class=\"wpb_wrapper\">\n\t\t\t<h4 style=\"text-align: center;\"><a href=\"#\">Caramelos<\/a><\/h4>\n\n\t\t<\/div>\n\t<\/div>\n\n\t<div  class=\"wpb_single_image wpb_content_element vc_align_center wpb_content_element\">\n\t\t\n\t\t<figure class=\"wpb_wrapper vc_figure\">\n\t\t\t<a href=\"#\" target=\"_self\" class=\"vc_single_image-wrapper   vc_box_border_grey\"><img loading=\"lazy\" decoding=\"async\" width=\"1026\" height=\"1026\" src=\"https:\/\/muycaramelo.com\/wp-content\/uploads\/2024\/12\/BOLSITAS.png\" class=\"vc_single_image-img attachment-full\" alt=\"Bolsitas\" title=\"BOLSITAS\" srcset=\"https:\/\/muycaramelo.com\/wp-content\/uploads\/2024\/12\/BOLSITAS.png 1026w, https:\/\/muycaramelo.com\/wp-content\/uploads\/2024\/12\/BOLSITAS-300x300.png 300w, https:\/\/muycaramelo.com\/wp-content\/uploads\/2024\/12\/BOLSITAS-1024x1024.png 1024w, https:\/\/muycaramelo.com\/wp-content\/uploads\/2024\/12\/BOLSITAS-150x150.png 150w, https:\/\/muycaramelo.com\/wp-content\/uploads\/2024\/12\/BOLSITAS-768x768.png 768w, https:\/\/muycaramelo.com\/wp-content\/uploads\/2024\/12\/BOLSITAS-600x600.png 600w, https:\/\/muycaramelo.com\/wp-content\/uploads\/2024\/12\/BOLSITAS-1000x1000.png 1000w, https:\/\/muycaramelo.com\/wp-content\/uploads\/2024\/12\/BOLSITAS-100x100.png 100w\" sizes=\"auto, (max-width: 1026px) 100vw, 1026px\" \/><\/a>\n\t\t<\/figure>\n\t<\/div>\n\n\t<div class=\"wpb_text_column wpb_content_element\" >\n\t\t<div class=\"wpb_wrapper\">\n\t\t\t<h4 style=\"text-align: center;\"><a href=\"#\">Bolsitas<\/a><\/h4>\n\n\t\t<\/div>\n\t<\/div>\n<\/div><\/div><\/div><div class=\"wpb_column vc_column_container vc_col-sm-4\"><div class=\"vc_column-inner\"><div class=\"wpb_wrapper\">\n\t<div  class=\"wpb_single_image wpb_content_element vc_align_center wpb_content_element\">\n\t\t\n\t\t<figure class=\"wpb_wrapper vc_figure\">\n\t\t\t<a href=\"#\" target=\"_self\" class=\"vc_single_image-wrapper   vc_box_border_grey\"><img loading=\"lazy\" decoding=\"async\" width=\"920\" height=\"920\" src=\"https:\/\/muycaramelo.com\/wp-content\/uploads\/2024\/12\/PIRULETAS.png\" class=\"vc_single_image-img attachment-full\" alt=\"Piruletas\" title=\"PIRULETAS\" srcset=\"https:\/\/muycaramelo.com\/wp-content\/uploads\/2024\/12\/PIRULETAS.png 920w, https:\/\/muycaramelo.com\/wp-content\/uploads\/2024\/12\/PIRULETAS-300x300.png 300w, https:\/\/muycaramelo.com\/wp-content\/uploads\/2024\/12\/PIRULETAS-150x150.png 150w, https:\/\/muycaramelo.com\/wp-content\/uploads\/2024\/12\/PIRULETAS-768x768.png 768w, https:\/\/muycaramelo.com\/wp-content\/uploads\/2024\/12\/PIRULETAS-600x600.png 600w, https:\/\/muycaramelo.com\/wp-content\/uploads\/2024\/12\/PIRULETAS-100x100.png 100w\" sizes=\"auto, (max-width: 920px) 100vw, 920px\" \/><\/a>\n\t\t<\/figure>\n\t<\/div>\n\n\t<div class=\"wpb_text_column wpb_content_element\" >\n\t\t<div class=\"wpb_wrapper\">\n\t\t\t<h4 style=\"text-align: center;\"><a href=\"#\">Piruletas<\/a><\/h4>\n\n\t\t<\/div>\n\t<\/div>\n\n\t<div  class=\"wpb_single_image wpb_content_element vc_align_center wpb_content_element\">\n\t\t\n\t\t<figure class=\"wpb_wrapper vc_figure\">\n\t\t\t<a href=\"#\" target=\"_self\" class=\"vc_single_image-wrapper   vc_box_border_grey\"><img loading=\"lazy\" decoding=\"async\" width=\"1026\" height=\"1026\" src=\"https:\/\/muycaramelo.com\/wp-content\/uploads\/2024\/12\/BOMBONES.png\" class=\"vc_single_image-img attachment-full\" alt=\"Bombones\" title=\"BOMBONES\" srcset=\"https:\/\/muycaramelo.com\/wp-content\/uploads\/2024\/12\/BOMBONES.png 1026w, https:\/\/muycaramelo.com\/wp-content\/uploads\/2024\/12\/BOMBONES-300x300.png 300w, https:\/\/muycaramelo.com\/wp-content\/uploads\/2024\/12\/BOMBONES-1024x1024.png 1024w, https:\/\/muycaramelo.com\/wp-content\/uploads\/2024\/12\/BOMBONES-150x150.png 150w, https:\/\/muycaramelo.com\/wp-content\/uploads\/2024\/12\/BOMBONES-768x768.png 768w, https:\/\/muycaramelo.com\/wp-content\/uploads\/2024\/12\/BOMBONES-600x600.png 600w, https:\/\/muycaramelo.com\/wp-content\/uploads\/2024\/12\/BOMBONES-1000x1000.png 1000w, https:\/\/muycaramelo.com\/wp-content\/uploads\/2024\/12\/BOMBONES-100x100.png 100w\" sizes=\"auto, (max-width: 1026px) 100vw, 1026px\" \/><\/a>\n\t\t<\/figure>\n\t<\/div>\n\n\t<div class=\"wpb_text_column wpb_content_element\" >\n\t\t<div class=\"wpb_wrapper\">\n\t\t\t<h4 style=\"text-align: center;\"><a href=\"#\">Bombones<\/a><\/h4>\n\n\t\t<\/div>\n\t<\/div>\n<\/div><\/div><\/div><div class=\"wpb_column vc_column_container vc_col-sm-4\"><div class=\"vc_column-inner\"><div class=\"wpb_wrapper\">\n\t<div  class=\"wpb_single_image wpb_content_element vc_align_center wpb_content_element\">\n\t\t\n\t\t<figure class=\"wpb_wrapper vc_figure\">\n\t\t\t<a href=\"#\" target=\"_self\" class=\"vc_single_image-wrapper   vc_box_border_grey\"><img loading=\"lazy\" decoding=\"async\" width=\"1026\" height=\"1026\" src=\"https:\/\/muycaramelo.com\/wp-content\/uploads\/2024\/12\/ESTUCHES.png\" class=\"vc_single_image-img attachment-full\" alt=\"Estuches\" title=\"ESTUCHES\" srcset=\"https:\/\/muycaramelo.com\/wp-content\/uploads\/2024\/12\/ESTUCHES.png 1026w, https:\/\/muycaramelo.com\/wp-content\/uploads\/2024\/12\/ESTUCHES-300x300.png 300w, https:\/\/muycaramelo.com\/wp-content\/uploads\/2024\/12\/ESTUCHES-1024x1024.png 1024w, https:\/\/muycaramelo.com\/wp-content\/uploads\/2024\/12\/ESTUCHES-150x150.png 150w, https:\/\/muycaramelo.com\/wp-content\/uploads\/2024\/12\/ESTUCHES-768x768.png 768w, https:\/\/muycaramelo.com\/wp-content\/uploads\/2024\/12\/ESTUCHES-600x600.png 600w, https:\/\/muycaramelo.com\/wp-content\/uploads\/2024\/12\/ESTUCHES-1000x1000.png 1000w, https:\/\/muycaramelo.com\/wp-content\/uploads\/2024\/12\/ESTUCHES-100x100.png 100w\" sizes=\"auto, (max-width: 1026px) 100vw, 1026px\" \/><\/a>\n\t\t<\/figure>\n\t<\/div>\n\n\t<div class=\"wpb_text_column wpb_content_element\" >\n\t\t<div class=\"wpb_wrapper\">\n\t\t\t<h4 style=\"text-align: center;\"><a href=\"#\">Estuches<\/a><\/h4>\n\n\t\t<\/div>\n\t<\/div>\n\n\t<div  class=\"wpb_single_image wpb_content_element vc_align_center wpb_content_element\">\n\t\t\n\t\t<figure class=\"wpb_wrapper vc_figure\">\n\t\t\t<a href=\"#\" target=\"_self\" class=\"vc_single_image-wrapper   vc_box_border_grey\"><img loading=\"lazy\" decoding=\"async\" width=\"1026\" height=\"1026\" src=\"https:\/\/muycaramelo.com\/wp-content\/uploads\/2024\/12\/MONEDAS.png\" class=\"vc_single_image-img attachment-full\" alt=\"Monedas\" title=\"MONEDAS\" srcset=\"https:\/\/muycaramelo.com\/wp-content\/uploads\/2024\/12\/MONEDAS.png 1026w, https:\/\/muycaramelo.com\/wp-content\/uploads\/2024\/12\/MONEDAS-300x300.png 300w, https:\/\/muycaramelo.com\/wp-content\/uploads\/2024\/12\/MONEDAS-1024x1024.png 1024w, https:\/\/muycaramelo.com\/wp-content\/uploads\/2024\/12\/MONEDAS-150x150.png 150w, https:\/\/muycaramelo.com\/wp-content\/uploads\/2024\/12\/MONEDAS-768x768.png 768w, https:\/\/muycaramelo.com\/wp-content\/uploads\/2024\/12\/MONEDAS-600x600.png 600w, https:\/\/muycaramelo.com\/wp-content\/uploads\/2024\/12\/MONEDAS-1000x1000.png 1000w, https:\/\/muycaramelo.com\/wp-content\/uploads\/2024\/12\/MONEDAS-100x100.png 100w\" sizes=\"auto, (max-width: 1026px) 100vw, 1026px\" \/><\/a>\n\t\t<\/figure>\n\t<\/div>\n\n\t<div class=\"wpb_text_column wpb_content_element\" >\n\t\t<div class=\"wpb_wrapper\">\n\t\t\t<h4 style=\"text-align: center;\"><a href=\"#\">Monedas<\/a><\/h4>\n\n\t\t<\/div>\n\t<\/div>\n<\/div><\/div><\/div><\/div><div class=\"vc_row-full-width vc_clearfix\"><\/div>\n<\/div>","protected":false},"excerpt":{"rendered":"CaramelosNuestros productosDesde dise\u00f1os \u00fanicos hasta sabores irresistibles, nuestros caramelos est\u00e1n hechos para celebrar tus momentos m\u00e1s especiales. Perfectos para eventos, regalos o simplemente para sorprender, cada creaci\u00f3n lleva un toque de dulzura y creatividad. Productos personalizados Caramelos Bolsitas Piruletas Bombones Estuches Monedas","protected":false},"author":1,"featured_media":0,"parent":0,"menu_order":0,"comment_status":"closed","ping_status":"closed","template":"","meta":{"footnotes":""},"class_list":["post-192","page","type-page","status-publish","hentry"],"_links":{"self":[{"href":"https:\/\/muycaramelo.com\/en\/wp-json\/wp\/v2\/pages\/192","targetHints":{"allow":["GET"]}}],"collection":[{"href":"https:\/\/muycaramelo.com\/en\/wp-json\/wp\/v2\/pages"}],"about":[{"href":"https:\/\/muycaramelo.com\/en\/wp-json\/wp\/v2\/types\/page"}],"author":[{"embeddable":true,"href":"https:\/\/muycaramelo.com\/en\/wp-json\/wp\/v2\/users\/1"}],"replies":[{"embeddable":true,"href":"https:\/\/muycaramelo.com\/en\/wp-json\/wp\/v2\/comments?post=192"}],"version-history":[{"count":4,"href":"https:\/\/muycaramelo.com\/en\/wp-json\/wp\/v2\/pages\/192\/revisions"}],"predecessor-version":[{"id":1089,"href":"https:\/\/muycaramelo.com\/en\/wp-json\/wp\/v2\/pages\/192\/revisions\/1089"}],"wp:attachment":[{"href":"https:\/\/muycaramelo.com\/en\/wp-json\/wp\/v2\/media?parent=192"}],"curies":[{"name":"wp","href":"https:\/\/api.w.org\/{rel}","templated":true}]}}