{"id":209,"date":"2016-10-05T11:53:23","date_gmt":"2016-10-05T11:53:23","guid":{"rendered":"https:\/\/caramelos.informedia.com.es\/?page_id=209"},"modified":"2025-10-13T10:55:02","modified_gmt":"2025-10-13T10:55:02","slug":"contacto","status":"publish","type":"page","link":"https:\/\/muycaramelo.com\/en\/contacto\/","title":{"rendered":"Contacto"},"content":{"rendered":"<div class=\"wpb-content-wrapper\"><div id=\"iconoscontacto\" class=\"vc_row wpb_row vc_row-fluid\"><div class=\"wpb_column vc_column_container vc_col-sm-12\"><div class=\"vc_column-inner vc_custom_1476090363107\"><div class=\"wpb_wrapper\"><div class=\"columns_wrap sc_columns columns_nofluid sc_columns_count_3 margin_top_huge margin_bottom_huge\" data-equal-height=\".sc_column_item\"><div class=\"column-1_3 sc_column_item sc_column_item_1 odd first\" style=\"text-align:center;\"><figure class=\"sc_image  sc_image_shape_square\"><img decoding=\"async\" src=\"https:\/\/muycaramelo.com\/wp-content\/uploads\/2025\/01\/Person.png\" alt=\"\" \/><\/figure><div class=\"vc_empty_space\"   style=\"height: 0.4rem\"><span class=\"vc_empty_space_inner\"><\/span><\/div><h2 class=\"sc_title sc_title_regular margin_top_small margin_bottom_null\" style=\"font-weight:700;\">Comercial<\/h2><div class=\"vc_empty_space\"   style=\"height: 0.3rem\"><span class=\"vc_empty_space_inner\"><\/span><\/div>\n\t<div class=\"wpb_text_column wpb_content_element\" >\n\t\t<div class=\"wpb_wrapper\">\n\t\t\t<p>Manuel Hurtado Alonso<\/p>\n\n\t\t<\/div>\n\t<\/div>\n<\/div><div class=\"column-1_3 sc_column_item sc_column_item_2 even\" style=\"text-align:center;\"><figure class=\"sc_image  sc_image_shape_square\"><img decoding=\"async\" src=\"https:\/\/muycaramelo.com\/wp-content\/uploads\/2024\/12\/Phone.png\" alt=\"\" \/><\/figure><div class=\"vc_empty_space\"   style=\"height: 0.4rem\"><span class=\"vc_empty_space_inner\"><\/span><\/div><h2 class=\"sc_title sc_title_regular margin_top_small margin_bottom_null\" style=\"font-weight:700;\">Tel\u00e9fono<\/h2><div class=\"vc_empty_space\"   style=\"height: 0.3rem\"><span class=\"vc_empty_space_inner\"><\/span><\/div>\n\t<div class=\"wpb_text_column wpb_content_element\" >\n\t\t<div class=\"wpb_wrapper\">\n\t\t\t<p><a href=\"tel:34629140570\">+34 629 14 05 70<\/a><\/p>\n\n\t\t<\/div>\n\t<\/div>\n<\/div><div class=\"column-1_3 sc_column_item sc_column_item_3 odd\" style=\"text-align:center;\"><figure class=\"sc_image  sc_image_shape_square\"><img decoding=\"async\" src=\"https:\/\/muycaramelo.com\/wp-content\/uploads\/2024\/12\/Email.png\" alt=\"\" \/><\/figure><div class=\"vc_empty_space\"   style=\"height: 0.4rem\"><span class=\"vc_empty_space_inner\"><\/span><\/div><h2 class=\"sc_title sc_title_regular margin_top_small margin_bottom_null\" style=\"font-weight:700;\">Email<\/h2><div class=\"vc_empty_space\"   style=\"height: 0.3rem\"><span class=\"vc_empty_space_inner\"><\/span><\/div>\n\t<div class=\"wpb_text_column wpb_content_element\" >\n\t\t<div class=\"wpb_wrapper\">\n\t\t\t<p><a href=\"mailto:info@muycaramelo.com\">info@muycaramelo.com<\/a><\/p>\n\n\t\t<\/div>\n\t<\/div>\n<\/div><\/div><\/div><\/div><\/div><\/div><div data-vc-full-width=\"true\" data-vc-full-width-init=\"false\" data-vc-stretch-content=\"true\" class=\"vc_row wpb_row vc_row-fluid vc_row-no-padding\"><div class=\"wpb_column vc_column_container vc_col-sm-12\"><div class=\"vc_column-inner\"><div class=\"wpb_wrapper\"><div id=\"sc_googlemap_1874504946_wrap\" class=\"sc_googlemap_wrap\"><div id=\"sc_googlemap_1874504946\" class=\"sc_googlemap\" style=\"width:100%;height:690px;\" data-zoom=\"12\" data-style=\"inverse\"><iframe src=\"https:\/\/maps.google.com\/maps?t=m&output=embed&iwloc=near&z=12&q=London\" scrolling=\"no\" marginheight=\"0\" marginwidth=\"0\" frameborder=\"0\" aria-label=\"Mapa\"><\/iframe><\/div><div class=\"sc_googlemap_content\"><div class=\"sc_section\"><div class=\"sc_section_inner\"><div class=\"sc_section_content_wrap\"><h3 class=\"sc_title sc_title_regular sc_align_left margin_top_null\" style=\"text-align:left;color:#ffffff;\">Contacto<\/h3>\n<div class=\"wpcf7 no-js\" id=\"wpcf7-f805-o1\" lang=\"en-US\" dir=\"ltr\" data-wpcf7-id=\"805\">\n<div class=\"screen-reader-response\"><p role=\"status\" aria-live=\"polite\" aria-atomic=\"true\"><\/p> <ul><\/ul><\/div>\n<form action=\"\/en\/wp-json\/wp\/v2\/pages\/209#wpcf7-f805-o1\" method=\"post\" class=\"wpcf7-form init\" aria-label=\"Contact form\" novalidate=\"novalidate\" data-status=\"init\" data-trp-original-action=\"\/en\/wp-json\/wp\/v2\/pages\/209#wpcf7-f805-o1\">\n<fieldset class=\"hidden-fields-container\"><input type=\"hidden\" name=\"_wpcf7\" value=\"805\" \/><input type=\"hidden\" name=\"_wpcf7_version\" value=\"6.1.4\" \/><input type=\"hidden\" name=\"_wpcf7_locale\" value=\"en_US\" \/><input type=\"hidden\" name=\"_wpcf7_unit_tag\" value=\"wpcf7-f805-o1\" \/><input type=\"hidden\" name=\"_wpcf7_container_post\" value=\"0\" \/><input type=\"hidden\" name=\"_wpcf7_posted_data_hash\" value=\"\" \/><input type=\"hidden\" name=\"_wpcf7_recaptcha_response\" value=\"\" \/>\n<\/fieldset>\n<div class='itm row' ><span class=\"wpcf7-form-control-wrap\" data-name=\"your-name\"><input size=\"40\" maxlength=\"400\" class=\"wpcf7-form-control wpcf7-text wpcf7-validates-as-required\" aria-required=\"true\" aria-invalid=\"false\" placeholder=\"Nombre*\" value=\"\" type=\"text\" name=\"your-name\" \/><\/span><\/div> \n<div class='itm row'><span class=\"wpcf7-form-control-wrap\" data-name=\"your-email\"><input size=\"40\" maxlength=\"400\" class=\"wpcf7-form-control wpcf7-email wpcf7-validates-as-required wpcf7-text wpcf7-validates-as-email\" aria-required=\"true\" aria-invalid=\"false\" placeholder=\"Email*\" value=\"\" type=\"email\" name=\"your-email\" \/><\/span><\/div>\n<div class=''><span class=\"wpcf7-form-control-wrap\" data-name=\"your-message\"><textarea cols=\"40\" rows=\"10\" maxlength=\"2000\" class=\"wpcf7-form-control wpcf7-textarea wpcf7-validates-as-required\" aria-required=\"true\" aria-invalid=\"false\" placeholder=\"Mensaje*\" name=\"your-message\"><\/textarea><\/span><\/div> \n\n<div class=\"sc_form_field sc_form_field_button sc_form_field_submit\">\n<span class=\"wpcf7-form-control-wrap\" data-name=\"acceptance-971\"><span class=\"wpcf7-form-control wpcf7-acceptance\"><span class=\"wpcf7-list-item\"><label><input type=\"checkbox\" name=\"acceptance-971\" value=\"1\" aria-invalid=\"false\" \/><span class=\"wpcf7-list-item-label\">He le\u00eddo y estoy de acuerdo con la <a href=\"\/en\/politica-de-privacidad\/\">Pol\u00edtica de privacidad<\/a><\/span><\/label><\/span><\/span><\/span>\n\n<input class=\"wpcf7-form-control wpcf7-submit has-spinner\" type=\"submit\" value=\"Enviar\" \/><\/div><div class=\"wpcf7-response-output\" aria-hidden=\"true\"><\/div>\n<input type=\"hidden\" name=\"trp-form-language\" value=\"en\"\/><\/form>\n<\/div>\n<\/div><\/div><\/div><\/div><\/div><\/div><\/div><\/div><\/div><div class=\"vc_row-full-width vc_clearfix\"><\/div>\n<\/div>","protected":false},"excerpt":{"rendered":"Comercial Manuel Hurtado Alonso Tel\u00e9fono +34 629 14 05 70 Email info@muycaramelo.com Contacto He le\u00eddo y estoy de acuerdo con la Pol\u00edtica de privacidad","protected":false},"author":1,"featured_media":0,"parent":0,"menu_order":0,"comment_status":"closed","ping_status":"closed","template":"","meta":{"footnotes":""},"class_list":["post-209","page","type-page","status-publish","hentry"],"_links":{"self":[{"href":"https:\/\/muycaramelo.com\/en\/wp-json\/wp\/v2\/pages\/209","targetHints":{"allow":["GET"]}}],"collection":[{"href":"https:\/\/muycaramelo.com\/en\/wp-json\/wp\/v2\/pages"}],"about":[{"href":"https:\/\/muycaramelo.com\/en\/wp-json\/wp\/v2\/types\/page"}],"author":[{"embeddable":true,"href":"https:\/\/muycaramelo.com\/en\/wp-json\/wp\/v2\/users\/1"}],"replies":[{"embeddable":true,"href":"https:\/\/muycaramelo.com\/en\/wp-json\/wp\/v2\/comments?post=209"}],"version-history":[{"count":10,"href":"https:\/\/muycaramelo.com\/en\/wp-json\/wp\/v2\/pages\/209\/revisions"}],"predecessor-version":[{"id":1042,"href":"https:\/\/muycaramelo.com\/en\/wp-json\/wp\/v2\/pages\/209\/revisions\/1042"}],"wp:attachment":[{"href":"https:\/\/muycaramelo.com\/en\/wp-json\/wp\/v2\/media?parent=209"}],"curies":[{"name":"wp","href":"https:\/\/api.w.org\/{rel}","templated":true}]}}