{"id":229,"date":"2016-10-05T12:25:47","date_gmt":"2016-10-05T12:25:47","guid":{"rendered":"https:\/\/caramelos.informedia.com.es\/?page_id=229"},"modified":"2025-11-21T10:42:44","modified_gmt":"2025-11-21T10:42:44","slug":"conocenos","status":"publish","type":"page","link":"https:\/\/muycaramelo.com\/en\/conocenos\/","title":{"rendered":"Con\u00f3cenos"},"content":{"rendered":"<div class=\"wpb-content-wrapper\"><div id=\"seccionconocenos\" data-vc-full-width=\"true\" data-vc-full-width-init=\"false\" class=\"vc_row wpb_row vc_row-fluid bg_pst_top vc_custom_1735045850902 vc_row-has-fill\"><div class=\"wpb_column vc_column_container vc_col-sm-12\"><div class=\"vc_column-inner vc_custom_1476957534839\"><div class=\"wpb_wrapper\"><div class=\"columns_wrap sc_columns columns_nofluid sc_columns_count_2 margin_top_null margin_bottom_huge\"><div class=\"column-1_2 sc_column_item sc_column_item_1 odd first\"><\/div><div class=\"column-1_2 sc_column_item sc_column_item_2 even\"><div class=\"sc_section section_style_original_margin aligncenter\"><div class=\"sc_section_inner\"><h2 class=\"sc_section_subtitle sc_item_subtitle\">Con\u00f3cenos<\/h2><h3 class=\"sc_section_title sc_item_title sc_item_title_without_descr\">\u00bfQu\u00e9 ofrecemos?<\/h3><div class=\"sc_section_descr sc_item_descr\">Ofrecemos una amplia gama de caramelos personalizados, desde caramelos impresos hasta opciones dise\u00f1adas para satisfacer tus necesidades de marketing y promoci\u00f3n.<\/p>\n<p>Cont\u00e1ctanos para crear un pedido personalizado. Dentro de nuestra variedad de opciones, podemos:<\/p>\n<p>Imprimir el logo o dise\u00f1o de tu empresa directamente en los caramelos.<br \/>\nAjustar colores y tipograf\u00eda para que se alineen con tu identidad de marca.<br \/>\nDise\u00f1ar un empaque personalizado seg\u00fan tus necesidades espec\u00edficas.<br \/>\nIncluir un mensaje publicitario que destaque con una presentaci\u00f3n atractiva y llamativa.<\/p>\n<p>Sabemos que cada evento y feria es \u00fanico, por lo que trabajamos estrechamente contigo para garantizar que el dise\u00f1o y la presentaci\u00f3n de los caramelos cumplan con las necesidades espec\u00edficas de cada ocasi\u00f3n.<\/div><div class=\"sc_section_content_wrap\"><\/div><\/div><\/div><\/div><\/div><div class=\"vc_empty_space\"   style=\"height: 1.9rem\"><span class=\"vc_empty_space_inner\"><\/span><\/div><\/div><\/div><\/div><\/div><div class=\"vc_row-full-width vc_clearfix\"><\/div>\n<\/div>","protected":false},"excerpt":{"rendered":"Con\u00f3cenos\u00bfQu\u00e9 ofrecemos?Ofrecemos una amplia gama de caramelos personalizados, desde caramelos impresos hasta opciones dise\u00f1adas para satisfacer tus necesidades de marketing y promoci\u00f3n. Cont\u00e1ctanos para crear un pedido personalizado. Dentro de nuestra variedad de opciones, podemos: Imprimir el logo o dise\u00f1o de tu empresa directamente en los caramelos. Ajustar colores y tipograf\u00eda para que se alineen [...]","protected":false},"author":1,"featured_media":0,"parent":0,"menu_order":0,"comment_status":"closed","ping_status":"closed","template":"","meta":{"footnotes":""},"class_list":["post-229","page","type-page","status-publish","hentry"],"_links":{"self":[{"href":"https:\/\/muycaramelo.com\/en\/wp-json\/wp\/v2\/pages\/229","targetHints":{"allow":["GET"]}}],"collection":[{"href":"https:\/\/muycaramelo.com\/en\/wp-json\/wp\/v2\/pages"}],"about":[{"href":"https:\/\/muycaramelo.com\/en\/wp-json\/wp\/v2\/types\/page"}],"author":[{"embeddable":true,"href":"https:\/\/muycaramelo.com\/en\/wp-json\/wp\/v2\/users\/1"}],"replies":[{"embeddable":true,"href":"https:\/\/muycaramelo.com\/en\/wp-json\/wp\/v2\/comments?post=229"}],"version-history":[{"count":23,"href":"https:\/\/muycaramelo.com\/en\/wp-json\/wp\/v2\/pages\/229\/revisions"}],"predecessor-version":[{"id":1173,"href":"https:\/\/muycaramelo.com\/en\/wp-json\/wp\/v2\/pages\/229\/revisions\/1173"}],"wp:attachment":[{"href":"https:\/\/muycaramelo.com\/en\/wp-json\/wp\/v2\/media?parent=229"}],"curies":[{"name":"wp","href":"https:\/\/api.w.org\/{rel}","templated":true}]}}