{"id":250,"date":"2016-10-05T13:25:24","date_gmt":"2016-10-05T13:25:24","guid":{"rendered":"https:\/\/caramelos.informedia.com.es\/?page_id=250"},"modified":"2025-11-21T10:28:28","modified_gmt":"2025-11-21T10:28:28","slug":"home-1","status":"publish","type":"page","link":"https:\/\/muycaramelo.com\/en\/","title":{"rendered":"Inicio"},"content":{"rendered":"<div class=\"wpb-content-wrapper\"><div id=\"seccionhome\" data-vc-full-width=\"true\" data-vc-full-width-init=\"false\" class=\"vc_row wpb_row vc_row-fluid bg_pst_top vc_custom_1735045388091 vc_row-has-fill\"><div class=\"wpb_column vc_column_container vc_col-sm-12\"><div class=\"vc_column-inner vc_custom_1476957534839\"><div class=\"wpb_wrapper\"><div class=\"columns_wrap sc_columns columns_nofluid sc_columns_count_2 margin_top_small margin_bottom_huge\"><div class=\"column-1_2 sc_column_item sc_column_item_1 odd first\"><\/div><div class=\"column-1_2 sc_column_item sc_column_item_2 even\"><div class=\"sc_section section_style_original_margin aligncenter\"><div class=\"sc_section_inner\"><h2 class=\"sc_section_subtitle sc_item_subtitle\">\u00a1Hola!<\/h2><h3 class=\"sc_section_title sc_item_title sc_item_title_without_descr\">\u00a1Bienvenido!<\/h3><div class=\"sc_section_descr sc_item_descr\">Si buscas caramelos personalizados para eventos o ferias, contamos con una amplia variedad de opciones: piruletas, chocolates y caramelos duros adaptados a tus necesidades. Consulta con nosotros, somos fabricantes especializados en caramelos.<\/div><div class=\"sc_section_content_wrap\"><\/div><div class=\"sc_section_button sc_item_button\"><a href=\"\/en\/productos\/\" class=\"sc_button sc_button_square sc_button_style_filled sc_button_size_small\">Ver m\u00e1s<\/a><\/div><\/div><\/div><\/div><\/div><div class=\"vc_empty_space\"   style=\"height: 1.9rem\"><span class=\"vc_empty_space_inner\"><\/span><\/div><\/div><\/div><\/div><\/div><div class=\"vc_row-full-width vc_clearfix\"><\/div><div id=\"bannerhome\" data-vc-full-width=\"true\" data-vc-full-width-init=\"false\" class=\"vc_row wpb_row vc_row-fluid vc_custom_1734520488567 vc_row-has-fill\"><div class=\"wpb_column vc_column_container vc_col-sm-12\"><div class=\"vc_column-inner\"><div class=\"wpb_wrapper\"><div class=\"sc_section margin_top_null margin_bottom_null aligncenter\" style=\"max-width: 808px;background-image:url(https:\/\/muycaramelo.com\/wp-content\/uploads\/2024\/12\/bannerhomecentral.png);background-repeat:repeat;\"><div class=\"sc_section_inner\"><div class=\"sc_section_overlay\" style=\"\"><div class=\"sc_section_content padding_on\" style=\"\"><h2 class=\"sc_section_subtitle sc_item_subtitle\">Caramelos<\/h2><h3 class=\"sc_section_title sc_item_title sc_item_title_without_descr\">Caramelos personalizados<\/h3><div class=\"sc_section_descr sc_item_descr\">Una gran variedad de caramelos, piruletas y otros productos, dise\u00f1ados para que los personalices con tu propia marca y f\u00f3rmula.<\/div><div class=\"sc_section_content_wrap\"><div id=\"sc_services_805172552_wrap\" class=\"sc_services_wrap\"><div id=\"sc_services_805172552\" class=\"sc_services sc_services_style_services-1 sc_services_type_icons\" style=\"width:100%;\"><div class=\"sc_columns columns_wrap\"><div class=\"column-1_3 column_padding_bottom\">\t\t\t<div id=\"sc_services_805172552_1\"\t\t\t\tclass=\"sc_services_item sc_services_item_1 odd first\"\n\t\t\t\t>\n\t\t\t\t<a href=\"https:\/\/muycaramelo.com\/en\/services\/chocolate-sweets\/\" aria-label=\"Producto\"><span class=\"sc_icon icon-chocolate\"><\/span><\/a>\t\t\t\t<div class=\"sc_services_item_content\">\n\t\t\t\t\t<h5 class=\"sc_services_item_title\"><a href=\"https:\/\/muycaramelo.com\/en\/services\/chocolate-sweets\/\">Bombones<\/a><\/h5>\n\t\t\t\t\t<div class=\"sc_services_item_description\">\n\t\t\t\t\t\t\t\t\t\t\t<\/div>\n\t\t\t\t<\/div>\n\t\t\t<\/div>\n\t\t<\/div><div class=\"column-1_3 column_padding_bottom\">\t\t\t<div id=\"sc_services_805172552_2\"\t\t\t\tclass=\"sc_services_item sc_services_item_2 even\"\n\t\t\t\t>\n\t\t\t\t<a href=\"https:\/\/muycaramelo.com\/en\/services\/sweet-gifts\/\" aria-label=\"Producto\"><span class=\"sc_icon icon-gifts\"><\/span><\/a>\t\t\t\t<div class=\"sc_services_item_content\">\n\t\t\t\t\t<h5 class=\"sc_services_item_title\"><a href=\"https:\/\/muycaramelo.com\/en\/services\/sweet-gifts\/\">Caramelos<\/a><\/h5>\n\t\t\t\t\t<div class=\"sc_services_item_description\">\n\t\t\t\t\t\t\t\t\t\t\t<\/div>\n\t\t\t\t<\/div>\n\t\t\t<\/div>\n\t\t<\/div><div class=\"column-1_3 column_padding_bottom\">\t\t\t<div id=\"sc_services_805172552_3\"\t\t\t\tclass=\"sc_services_item sc_services_item_3 odd\"\n\t\t\t\t>\n\t\t\t\t<a href=\"https:\/\/muycaramelo.com\/en\/services\/other-goodies\/\" aria-label=\"Producto\"><span class=\"sc_icon icon-other\"><\/span><\/a>\t\t\t\t<div class=\"sc_services_item_content\">\n\t\t\t\t\t<h5 class=\"sc_services_item_title\"><a href=\"https:\/\/muycaramelo.com\/en\/services\/other-goodies\/\">Piruletas<\/a><\/h5>\n\t\t\t\t\t<div class=\"sc_services_item_description\">\n\t\t\t\t\t\t\t\t\t\t\t<\/div>\n\t\t\t\t<\/div>\n\t\t\t<\/div>\n\t\t<\/div><\/div><\/div><!-- \/.sc_services --><\/div><!-- \/.sc_services_wrap --><div class=\"vc_empty_space\"   style=\"height: 1px\"><span class=\"vc_empty_space_inner\"><\/span><\/div><\/div><\/div><\/div><\/div><\/div><\/div><\/div><\/div><\/div><div class=\"vc_row-full-width vc_clearfix\"><\/div><div class=\"vc_row wpb_row vc_row-fluid\"><div class=\"wpb_column vc_column_container vc_col-sm-12\"><div class=\"vc_column-inner vc_custom_1476961306322\"><div class=\"wpb_wrapper\"><div class=\"columns_wrap sc_columns columns_nofluid sc_columns_count_12 margin_top_huge margin_bottom_medium\"><div class=\"column-7_12 sc_column_item sc_column_item_1 odd first span_7\"><div class=\"sc_section margin_top_null section_style_original_margin\" style=\"max-width: 570px; margin-left: 1.5rem;\"><div class=\"sc_section_inner\"><h2 class=\"sc_section_subtitle sc_item_subtitle\">Contacto<\/h2><h3 class=\"sc_section_title sc_item_title sc_item_title_without_descr\">\u00bfQuieres hacer un pedido?<\/h3><div class=\"sc_section_descr sc_item_descr\">Ofrecemos caramelos personalizados al por mayor, ideales para potenciar tus estrategias de marketing y promoci\u00f3n.<\/p>\n<p>Nuestros productos son una opci\u00f3n perfecta para destacar tu empresa, evento o marca de manera creativa y deliciosa.<\/p>\n<p>Cont\u00e1ctanos para solicitar un presupuesto sin compromiso y descubre nuestras opciones de personalizaci\u00f3n al por mayor, dise\u00f1adas para ajustarse a tus necesidades.<\/p>\n<p>\u00a1Estamos aqu\u00ed para ayudarte a crear un dise\u00f1o \u00fanico que impulse tu imagen y deje una dulce impresi\u00f3n!<\/div><div class=\"sc_section_content_wrap\"><\/div><div class=\"sc_section_button sc_item_button\"><a href=\"\/en\/contacto\/\" class=\"sc_button sc_button_square sc_button_style_filled sc_button_size_small\">Contactar<\/a><\/div><\/div><\/div><\/div><div class=\"column-5_12 sc_column_item sc_column_item_8 even span_5\"><figure class=\"sc_image  sc_image_shape_square\"><img decoding=\"async\" src=\"https:\/\/muycaramelo.com\/wp-content\/uploads\/2024\/12\/pedidos.png\" alt=\"\" \/><\/figure><\/div><\/div><\/div><\/div><\/div><\/div><div class=\"vc_row wpb_row vc_row-fluid vc_custom_1735047075017\"><div class=\"wpb_column vc_column_container vc_col-sm-12\"><div class=\"vc_column-inner\"><div class=\"wpb_wrapper\">\n\t<div  class=\"wpb_single_image wpb_content_element vc_align_center wpb_content_element\">\n\t\t\n\t\t<figure class=\"wpb_wrapper vc_figure\">\n\t\t\t<div class=\"vc_single_image-wrapper   vc_box_border_grey\"><img loading=\"lazy\" decoding=\"async\" width=\"1118\" height=\"130\" src=\"https:\/\/muycaramelo.com\/wp-content\/uploads\/2024\/12\/logoskit.png\" class=\"vc_single_image-img attachment-full\" alt=\"Kit Digital\" title=\"Kit Digital\" srcset=\"https:\/\/muycaramelo.com\/wp-content\/uploads\/2024\/12\/logoskit.png 1118w, https:\/\/muycaramelo.com\/wp-content\/uploads\/2024\/12\/logoskit-300x35.png 300w, https:\/\/muycaramelo.com\/wp-content\/uploads\/2024\/12\/logoskit-1024x119.png 1024w, https:\/\/muycaramelo.com\/wp-content\/uploads\/2024\/12\/logoskit-768x89.png 768w, https:\/\/muycaramelo.com\/wp-content\/uploads\/2024\/12\/logoskit-1000x116.png 1000w\" sizes=\"auto, (max-width: 1118px) 100vw, 1118px\" \/><\/div>\n\t\t<\/figure>\n\t<\/div>\n<\/div><\/div><\/div><\/div>\n<\/div>","protected":false},"excerpt":{"rendered":"Other Goodies Lorem ipsum dolor sit amet, consectetuer adipiscing elit, sed diam nonummy nibh euismod tincidunt ut laoreet dolore magna aliquam erat volutpat. Ut wisi enim ad minim veniam, quis nostrud exerci tation ullamcorper suscipit lobortis nisl ut aliquip ex ea commodo consequat. Duis autem vel eum iriure dolor in hendrerit in vulputate velit esse [...]","protected":false},"author":1,"featured_media":0,"parent":0,"menu_order":0,"comment_status":"closed","ping_status":"closed","template":"","meta":{"footnotes":""},"class_list":["post-250","page","type-page","status-publish","hentry"],"_links":{"self":[{"href":"https:\/\/muycaramelo.com\/en\/wp-json\/wp\/v2\/pages\/250","targetHints":{"allow":["GET"]}}],"collection":[{"href":"https:\/\/muycaramelo.com\/en\/wp-json\/wp\/v2\/pages"}],"about":[{"href":"https:\/\/muycaramelo.com\/en\/wp-json\/wp\/v2\/types\/page"}],"author":[{"embeddable":true,"href":"https:\/\/muycaramelo.com\/en\/wp-json\/wp\/v2\/users\/1"}],"replies":[{"embeddable":true,"href":"https:\/\/muycaramelo.com\/en\/wp-json\/wp\/v2\/comments?post=250"}],"version-history":[{"count":18,"href":"https:\/\/muycaramelo.com\/en\/wp-json\/wp\/v2\/pages\/250\/revisions"}],"predecessor-version":[{"id":1172,"href":"https:\/\/muycaramelo.com\/en\/wp-json\/wp\/v2\/pages\/250\/revisions\/1172"}],"wp:attachment":[{"href":"https:\/\/muycaramelo.com\/en\/wp-json\/wp\/v2\/media?parent=250"}],"curies":[{"name":"wp","href":"https:\/\/api.w.org\/{rel}","templated":true}]}}